{"id":2130,"date":"2024-06-22T14:15:30","date_gmt":"2024-06-22T12:15:30","guid":{"rendered":"https:\/\/www.bikinibarandcocktail-madrid.com\/cocktails\/"},"modified":"2026-02-16T15:56:41","modified_gmt":"2026-02-16T14:56:41","slug":"cocktails","status":"publish","type":"page","link":"https:\/\/www.bikinibarandcocktail-madrid.com\/es\/cocktails\/","title":{"rendered":"Cocktails"},"content":{"rendered":"\t\t<div data-elementor-type=\"wp-page\" data-elementor-id=\"2130\" class=\"elementor elementor-2130 elementor-1975\">\n\t\t\t\t\t\t<section class=\"elementor-section elementor-top-section elementor-element elementor-element-f900a8b elementor-section-full_width elementor-section-height-default elementor-section-height-default\" data-id=\"f900a8b\" data-element_type=\"section\" data-settings=\"{&quot;background_background&quot;:&quot;classic&quot;}\">\n\t\t\t\t\t\t<div class=\"elementor-container elementor-column-gap-default\">\n\t\t\t\t\t<div class=\"elementor-column elementor-col-100 elementor-top-column elementor-element elementor-element-7b58913\" data-id=\"7b58913\" data-element_type=\"column\" data-settings=\"{&quot;background_background&quot;:&quot;classic&quot;}\">\n\t\t\t<div class=\"elementor-widget-wrap elementor-element-populated\">\n\t\t\t\t\t\t<section class=\"elementor-section elementor-inner-section elementor-element elementor-element-e21b6f1 elementor-section-boxed elementor-section-height-default elementor-section-height-default\" data-id=\"e21b6f1\" data-element_type=\"section\" data-settings=\"{&quot;background_background&quot;:&quot;classic&quot;}\">\n\t\t\t\t\t\t<div class=\"elementor-container elementor-column-gap-default\">\n\t\t\t\t\t<div class=\"elementor-column elementor-col-100 elementor-inner-column elementor-element elementor-element-ac32020\" data-id=\"ac32020\" data-element_type=\"column\">\n\t\t\t<div class=\"elementor-widget-wrap elementor-element-populated\">\n\t\t\t\t\t\t<div class=\"elementor-element elementor-element-f3ea9b1 elementor-widget elementor-widget-heading\" data-id=\"f3ea9b1\" data-element_type=\"widget\" data-widget_type=\"heading.default\">\n\t\t\t\t<div class=\"elementor-widget-container\">\n\t\t\t\t\t<h1 class=\"elementor-heading-title elementor-size-default\">C\u00f3cteles<\/h1>\t\t\t\t<\/div>\n\t\t\t\t<\/div>\n\t\t\t\t<div class=\"elementor-element elementor-element-58bbba8 elementor-widget elementor-widget-text-editor\" data-id=\"58bbba8\" data-element_type=\"widget\" data-widget_type=\"text-editor.default\">\n\t\t\t\t<div class=\"elementor-widget-container\">\n\t\t\t\t\t\t\t\t\t<p>Bikini Bar cuenta con un equipo de cocteler\u00eda formado por cinco cocteleros que han creado una singular propuesta en la que confluyen cl\u00e1sicos de la mixolog\u00eda con otras reinterpretaciones de autor para disfrutar a cualquier hora del d\u00eda.<\/p><p>\u00a0<\/p><p>La carta de cocteler\u00eda se divide por secciones en funci\u00f3n de su fondo \u2013c\u00edtricos, dulces, picantes y fuertes\u2013, y mocktails. Junto a opciones como el Tom Collins o el Negroni se encuentran creaciones propias como el Tierra de Fuego, el Mezcalita o el Madriz.<\/p>\t\t\t\t\t\t\t\t<\/div>\n\t\t\t\t<\/div>\n\t\t\t\t\t<\/div>\n\t\t<\/div>\n\t\t\t\t\t<\/div>\n\t\t<\/section>\n\t\t\t\t<section class=\"elementor-section elementor-inner-section elementor-element elementor-element-5bff127 elementor-section-boxed elementor-section-height-default elementor-section-height-default\" data-id=\"5bff127\" data-element_type=\"section\" data-settings=\"{&quot;background_background&quot;:&quot;classic&quot;}\">\n\t\t\t\t\t\t<div class=\"elementor-container elementor-column-gap-default\">\n\t\t\t\t\t<div class=\"elementor-column elementor-col-100 elementor-inner-column elementor-element elementor-element-ee641c5\" data-id=\"ee641c5\" data-element_type=\"column\">\n\t\t\t<div class=\"elementor-widget-wrap elementor-element-populated\">\n\t\t\t\t\t\t<div class=\"elementor-element elementor-element-f91bf27 elementor-widget elementor-widget-image\" data-id=\"f91bf27\" data-element_type=\"widget\" data-widget_type=\"image.default\">\n\t\t\t\t<div class=\"elementor-widget-container\">\n\t\t\t\t\t\t\t\t\t\t\t\t\t\t\t<img fetchpriority=\"high\" decoding=\"async\" width=\"254\" height=\"222\" src=\"https:\/\/www.bikinibarandcocktail-madrid.com\/wp-content\/uploads\/sites\/15\/2024\/05\/bikini-green-triangle.png\" class=\"attachment-large size-large wp-image-1643\" alt=\"\" \/>\t\t\t\t\t\t\t\t\t\t\t\t\t\t\t<\/div>\n\t\t\t\t<\/div>\n\t\t\t\t<div class=\"elementor-element elementor-element-7c01479 elementor-absolute triangletitle elementor-widget elementor-widget-heading\" data-id=\"7c01479\" data-element_type=\"widget\" data-settings=\"{&quot;_position&quot;:&quot;absolute&quot;}\" data-widget_type=\"heading.default\">\n\t\t\t\t<div class=\"elementor-widget-container\">\n\t\t\t\t\t<h2 class=\"elementor-heading-title elementor-size-default\"><a href=\"https:\/\/www.bikinibarandcocktail-madrid.com\/wp-content\/uploads\/sites\/15\/2026\/02\/AF-BIKINI_BAR_CARTA_COCKTELERIA_A4xpags.pdf\" target=\"_blank\">Men\u00fa<\/a><\/h2>\t\t\t\t<\/div>\n\t\t\t\t<\/div>\n\t\t\t\t\t<\/div>\n\t\t<\/div>\n\t\t\t\t\t<\/div>\n\t\t<\/section>\n\t\t\t\t<div class=\"elementor-element elementor-element-470de4f elementor-widget elementor-widget-image\" data-id=\"470de4f\" data-element_type=\"widget\" data-widget_type=\"image.default\">\n\t\t\t\t<div class=\"elementor-widget-container\">\n\t\t\t\t\t\t\t\t\t\t\t\t\t\t\t<img decoding=\"async\" width=\"2000\" height=\"1333\" src=\"https:\/\/www.bikinibarandcocktail-madrid.com\/wp-content\/uploads\/sites\/15\/2024\/06\/bikini-cocktail.jpg\" class=\"attachment-full size-full wp-image-2035\" alt=\"\" srcset=\"https:\/\/www.bikinibarandcocktail-madrid.com\/wp-content\/uploads\/sites\/15\/2024\/06\/bikini-cocktail.jpg 2000w, https:\/\/www.bikinibarandcocktail-madrid.com\/wp-content\/uploads\/sites\/15\/2024\/06\/bikini-cocktail-300x200.jpg 300w, https:\/\/www.bikinibarandcocktail-madrid.com\/wp-content\/uploads\/sites\/15\/2024\/06\/bikini-cocktail-1024x682.jpg 1024w, https:\/\/www.bikinibarandcocktail-madrid.com\/wp-content\/uploads\/sites\/15\/2024\/06\/bikini-cocktail-768x512.jpg 768w, https:\/\/www.bikinibarandcocktail-madrid.com\/wp-content\/uploads\/sites\/15\/2024\/06\/bikini-cocktail-1536x1024.jpg 1536w\" sizes=\"(max-width: 2000px) 100vw, 2000px\" \/>\t\t\t\t\t\t\t\t\t\t\t\t\t\t\t<\/div>\n\t\t\t\t<\/div>\n\t\t\t\t\t<\/div>\n\t\t<\/div>\n\t\t\t\t\t<\/div>\n\t\t<\/section>\n\t\t\t\t<\/div>\n\t\t","protected":false},"excerpt":{"rendered":"<p>C\u00f3cteles Bikini Bar cuenta con un equipo de cocteler\u00eda formado por cinco cocteleros que han creado una singular propuesta en la que confluyen cl\u00e1sicos de la mixolog\u00eda con otras reinterpretaciones de autor para disfrutar a cualquier hora del d\u00eda. \u00a0 La carta de cocteler\u00eda se divide por secciones en funci\u00f3n de su fondo \u2013c\u00edtricos, dulces, [&hellip;]<\/p>\n","protected":false},"author":1,"featured_media":0,"parent":0,"menu_order":0,"comment_status":"closed","ping_status":"closed","template":"","meta":{"_acf_changed":false,"footnotes":""},"class_list":["post-2130","page","type-page","status-publish","hentry"],"acf":[],"yoast_head":"<!-- This site is optimized with the Yoast SEO plugin v24.8.1 - https:\/\/yoast.com\/wordpress\/plugins\/seo\/ -->\n<title>Cocktails - Bikini Bar and Cocktail<\/title>\n<meta name=\"robots\" content=\"index, follow, max-snippet:-1, max-image-preview:large, max-video-preview:-1\" \/>\n<link rel=\"canonical\" href=\"https:\/\/www.bikinibarandcocktail-madrid.com\/es\/cocktails\/\" \/>\n<meta property=\"og:locale\" content=\"es_ES\" \/>\n<meta property=\"og:type\" content=\"article\" \/>\n<meta property=\"og:title\" content=\"Cocktails - Bikini Bar and Cocktail\" \/>\n<meta property=\"og:description\" content=\"C\u00f3cteles Bikini Bar cuenta con un equipo de cocteler\u00eda formado por cinco cocteleros que han creado una singular propuesta en la que confluyen cl\u00e1sicos de la mixolog\u00eda con otras reinterpretaciones de autor para disfrutar a cualquier hora del d\u00eda. \u00a0 La carta de cocteler\u00eda se divide por secciones en funci\u00f3n de su fondo \u2013c\u00edtricos, dulces, [&hellip;]\" \/>\n<meta property=\"og:url\" content=\"https:\/\/www.bikinibarandcocktail-madrid.com\/es\/cocktails\/\" \/>\n<meta property=\"og:site_name\" content=\"Bikini Bar and Cocktail\" \/>\n<meta property=\"article:modified_time\" content=\"2026-02-16T14:56:41+00:00\" \/>\n<meta property=\"og:image\" content=\"https:\/\/www.bikinibarandcocktail-madrid.com\/wp-content\/uploads\/sites\/15\/2024\/05\/bikini-green-triangle.png\" \/>\n\t<meta property=\"og:image:width\" content=\"254\" \/>\n\t<meta property=\"og:image:height\" content=\"222\" \/>\n\t<meta property=\"og:image:type\" content=\"image\/png\" \/>\n<script type=\"application\/ld+json\" class=\"yoast-schema-graph\">{\"@context\":\"https:\/\/schema.org\",\"@graph\":[{\"@type\":\"WebPage\",\"@id\":\"https:\/\/www.bikinibarandcocktail-madrid.com\/es\/cocktails\/\",\"url\":\"https:\/\/www.bikinibarandcocktail-madrid.com\/es\/cocktails\/\",\"name\":\"Cocktails - Bikini Bar and Cocktail\",\"isPartOf\":{\"@id\":\"https:\/\/www.bikinibarandcocktail-madrid.com\/es\/#website\"},\"primaryImageOfPage\":{\"@id\":\"https:\/\/www.bikinibarandcocktail-madrid.com\/es\/cocktails\/#primaryimage\"},\"image\":{\"@id\":\"https:\/\/www.bikinibarandcocktail-madrid.com\/es\/cocktails\/#primaryimage\"},\"thumbnailUrl\":\"https:\/\/www.bikinibarandcocktail-madrid.com\/wp-content\/uploads\/sites\/15\/2024\/05\/bikini-green-triangle.png\",\"datePublished\":\"2024-06-22T12:15:30+00:00\",\"dateModified\":\"2026-02-16T14:56:41+00:00\",\"breadcrumb\":{\"@id\":\"https:\/\/www.bikinibarandcocktail-madrid.com\/es\/cocktails\/#breadcrumb\"},\"inLanguage\":\"es\",\"potentialAction\":[{\"@type\":\"ReadAction\",\"target\":[\"https:\/\/www.bikinibarandcocktail-madrid.com\/es\/cocktails\/\"]}]},{\"@type\":\"ImageObject\",\"inLanguage\":\"es\",\"@id\":\"https:\/\/www.bikinibarandcocktail-madrid.com\/es\/cocktails\/#primaryimage\",\"url\":\"https:\/\/www.bikinibarandcocktail-madrid.com\/wp-content\/uploads\/sites\/15\/2024\/05\/bikini-green-triangle.png\",\"contentUrl\":\"https:\/\/www.bikinibarandcocktail-madrid.com\/wp-content\/uploads\/sites\/15\/2024\/05\/bikini-green-triangle.png\"},{\"@type\":\"BreadcrumbList\",\"@id\":\"https:\/\/www.bikinibarandcocktail-madrid.com\/es\/cocktails\/#breadcrumb\",\"itemListElement\":[{\"@type\":\"ListItem\",\"position\":1,\"name\":\"Home\",\"item\":\"https:\/\/www.bikinibarandcocktail-madrid.com\/es\/\"},{\"@type\":\"ListItem\",\"position\":2,\"name\":\"Cocktails\"}]},{\"@type\":\"WebSite\",\"@id\":\"https:\/\/www.bikinibarandcocktail-madrid.com\/es\/#website\",\"url\":\"https:\/\/www.bikinibarandcocktail-madrid.com\/es\/\",\"name\":\"Bikini Bar and Cocktail\",\"description\":\"\",\"potentialAction\":[{\"@type\":\"SearchAction\",\"target\":{\"@type\":\"EntryPoint\",\"urlTemplate\":\"https:\/\/www.bikinibarandcocktail-madrid.com\/es\/?s={search_term_string}\"},\"query-input\":{\"@type\":\"PropertyValueSpecification\",\"valueRequired\":true,\"valueName\":\"search_term_string\"}}],\"inLanguage\":\"es\"}]}<\/script>\n<!-- \/ Yoast SEO plugin. -->","yoast_head_json":{"title":"Cocktails - Bikini Bar and Cocktail","robots":{"index":"index","follow":"follow","max-snippet":"max-snippet:-1","max-image-preview":"max-image-preview:large","max-video-preview":"max-video-preview:-1"},"canonical":"https:\/\/www.bikinibarandcocktail-madrid.com\/es\/cocktails\/","og_locale":"es_ES","og_type":"article","og_title":"Cocktails - Bikini Bar and Cocktail","og_description":"C\u00f3cteles Bikini Bar cuenta con un equipo de cocteler\u00eda formado por cinco cocteleros que han creado una singular propuesta en la que confluyen cl\u00e1sicos de la mixolog\u00eda con otras reinterpretaciones de autor para disfrutar a cualquier hora del d\u00eda. \u00a0 La carta de cocteler\u00eda se divide por secciones en funci\u00f3n de su fondo \u2013c\u00edtricos, dulces, [&hellip;]","og_url":"https:\/\/www.bikinibarandcocktail-madrid.com\/es\/cocktails\/","og_site_name":"Bikini Bar and Cocktail","article_modified_time":"2026-02-16T14:56:41+00:00","og_image":[{"width":254,"height":222,"url":"https:\/\/www.bikinibarandcocktail-madrid.com\/wp-content\/uploads\/sites\/15\/2024\/05\/bikini-green-triangle.png","type":"image\/png"}],"schema":{"@context":"https:\/\/schema.org","@graph":[{"@type":"WebPage","@id":"https:\/\/www.bikinibarandcocktail-madrid.com\/es\/cocktails\/","url":"https:\/\/www.bikinibarandcocktail-madrid.com\/es\/cocktails\/","name":"Cocktails - Bikini Bar and Cocktail","isPartOf":{"@id":"https:\/\/www.bikinibarandcocktail-madrid.com\/es\/#website"},"primaryImageOfPage":{"@id":"https:\/\/www.bikinibarandcocktail-madrid.com\/es\/cocktails\/#primaryimage"},"image":{"@id":"https:\/\/www.bikinibarandcocktail-madrid.com\/es\/cocktails\/#primaryimage"},"thumbnailUrl":"https:\/\/www.bikinibarandcocktail-madrid.com\/wp-content\/uploads\/sites\/15\/2024\/05\/bikini-green-triangle.png","datePublished":"2024-06-22T12:15:30+00:00","dateModified":"2026-02-16T14:56:41+00:00","breadcrumb":{"@id":"https:\/\/www.bikinibarandcocktail-madrid.com\/es\/cocktails\/#breadcrumb"},"inLanguage":"es","potentialAction":[{"@type":"ReadAction","target":["https:\/\/www.bikinibarandcocktail-madrid.com\/es\/cocktails\/"]}]},{"@type":"ImageObject","inLanguage":"es","@id":"https:\/\/www.bikinibarandcocktail-madrid.com\/es\/cocktails\/#primaryimage","url":"https:\/\/www.bikinibarandcocktail-madrid.com\/wp-content\/uploads\/sites\/15\/2024\/05\/bikini-green-triangle.png","contentUrl":"https:\/\/www.bikinibarandcocktail-madrid.com\/wp-content\/uploads\/sites\/15\/2024\/05\/bikini-green-triangle.png"},{"@type":"BreadcrumbList","@id":"https:\/\/www.bikinibarandcocktail-madrid.com\/es\/cocktails\/#breadcrumb","itemListElement":[{"@type":"ListItem","position":1,"name":"Home","item":"https:\/\/www.bikinibarandcocktail-madrid.com\/es\/"},{"@type":"ListItem","position":2,"name":"Cocktails"}]},{"@type":"WebSite","@id":"https:\/\/www.bikinibarandcocktail-madrid.com\/es\/#website","url":"https:\/\/www.bikinibarandcocktail-madrid.com\/es\/","name":"Bikini Bar and Cocktail","description":"","potentialAction":[{"@type":"SearchAction","target":{"@type":"EntryPoint","urlTemplate":"https:\/\/www.bikinibarandcocktail-madrid.com\/es\/?s={search_term_string}"},"query-input":{"@type":"PropertyValueSpecification","valueRequired":true,"valueName":"search_term_string"}}],"inLanguage":"es"}]}},"_links":{"self":[{"href":"https:\/\/www.bikinibarandcocktail-madrid.com\/es\/wp-json\/wp\/v2\/pages\/2130"}],"collection":[{"href":"https:\/\/www.bikinibarandcocktail-madrid.com\/es\/wp-json\/wp\/v2\/pages"}],"about":[{"href":"https:\/\/www.bikinibarandcocktail-madrid.com\/es\/wp-json\/wp\/v2\/types\/page"}],"author":[{"embeddable":true,"href":"https:\/\/www.bikinibarandcocktail-madrid.com\/es\/wp-json\/wp\/v2\/users\/1"}],"replies":[{"embeddable":true,"href":"https:\/\/www.bikinibarandcocktail-madrid.com\/es\/wp-json\/wp\/v2\/comments?post=2130"}],"version-history":[{"count":9,"href":"https:\/\/www.bikinibarandcocktail-madrid.com\/es\/wp-json\/wp\/v2\/pages\/2130\/revisions"}],"predecessor-version":[{"id":2326,"href":"https:\/\/www.bikinibarandcocktail-madrid.com\/es\/wp-json\/wp\/v2\/pages\/2130\/revisions\/2326"}],"wp:attachment":[{"href":"https:\/\/www.bikinibarandcocktail-madrid.com\/es\/wp-json\/wp\/v2\/media?parent=2130"}],"curies":[{"name":"wp","href":"https:\/\/api.w.org\/{rel}","templated":true}]}}